{"id":1372,"date":"2023-05-30T16:31:58","date_gmt":"2023-05-30T14:31:58","guid":{"rendered":"https:\/\/onlineshop.greenforest-it.de\/?post_type=product&#038;p=1372"},"modified":"2023-11-15T16:22:17","modified_gmt":"2023-11-15T15:22:17","slug":"toshiba-wachs-harzfarbband-112-mm-400-m-nearedge","status":"publish","type":"product","link":"https:\/\/onlineshop.greenforest-it.de\/?product=toshiba-wachs-harzfarbband-112-mm-400-m-nearedge","title":{"rendered":"10x Toshiba Wachs \/ Harzfarbband 110 mm 400 m Flat Head BSA40110AG3"},"content":{"rendered":"<p>10x Toshiba Wachs\/Harzfarbband (BSA40110AG3) 110 mm x 400 m<br \/>\nWachs\/Harzfarbband, wischfest. Standardqualit\u00e4t.<br \/>\nDas AG3 ist das Standardfarbband im Wachs\/Harzbereich, das die Anforderungen der allermeisten Anwendungen erf\u00fcllt. Es besitzt einen guten Schw\u00e4rzungsgrad und hat eine hohe Best\u00e4ndigkeit. Das abgestimmte Backcoating gew\u00e4hrleistet maximalen Druckkopfschutz. Toshiba AG3 Farbband &#8211; hochwertiger wischfester Druck Erh\u00e4ltlich f\u00fcr Flat Head Drucker.<br \/>\nF\u00fcr Drucker: B-SA4 | Near Edge<br \/>\nVielseitig und bew\u00e4hrt<br \/>\nSehr gute Druckqualit\u00e4t gerade bei 90\u00b0 gedrehten Barcodes<br \/>\nSehr gute Abriebfestigkeit<\/p>\n","protected":false},"excerpt":{"rendered":"<table>\n<tbody>\n<tr>\n<td class=\"spec_group_head\" colspan=\"2\">SPEZIFIKATIONEN<\/td>\n<\/tr>\n<tr class=\"spec_row\">\n<td class=\"spec_col_1\">Schmelzpunkt<\/td>\n<td class=\"spec_col_2\">75\u00b0C<\/td>\n<\/tr>\n<tr class=\"spec_row\">\n<td class=\"spec_col_1\">Farbband-Dicke<\/td>\n<td class=\"spec_col_2\">&lt; 9 \u00b5m<\/td>\n<\/tr>\n<tr class=\"spec_row\">\n<td class=\"spec_col_1\">Tr\u00e4gerfolien-Dicke<\/td>\n<td class=\"spec_col_2\">4.5 \u00b5m<\/td>\n<\/tr>\n<tr class=\"spec_row\">\n<td class=\"spec_col_1\">Backcoating<\/td>\n<td class=\"spec_col_2\">auf Silikonbasis<\/td>\n<\/tr>\n<tr class=\"spec_row\">\n<td class=\"spec_col_1\">max. Druckgeschwindigkeit<\/td>\n<td class=\"spec_col_2\">400 mm\/Sek<\/td>\n<\/tr>\n<tr class=\"spec_row\">\n<td class=\"spec_col_1\">Farbbandfarbe<\/td>\n<td class=\"spec_col_2\">Schwarz, Wei\u00df, Grau, Braun, Blau, Dunkelblau, Rot, Gr\u00fcn, Dunkelgr\u00fcn<\/td>\n<\/tr>\n<tr class=\"spec_row\">\n<td class=\"spec_col_1\">Lagerung<\/td>\n<td class=\"spec_col_2\">5-35\u00b0C, 20-80% RH<\/td>\n<\/tr>\n<tr class=\"spec_row\">\n<td class=\"spec_col_1\">Schw\u00e4rzungsgrad<\/td>\n<td class=\"spec_col_2\">2.1 ODR<\/td>\n<\/tr>\n<tr class=\"spec_row\">\n<td class=\"spec_col_1\">Abriebsfestigkeit<\/td>\n<td class=\"spec_col_2\">60 Zyklen<\/td>\n<\/tr>\n<tr class=\"spec_row\">\n<td class=\"spec_col_1\">Hitzebest\u00e4ndigkeit<\/td>\n<td class=\"spec_col_2\">100\u00b0C<\/td>\n<\/tr>\n<tr class=\"spec_row\">\n<td class=\"spec_col_1\">L\u00f6semittelbest\u00e4ndig<\/td>\n<td class=\"spec_col_2\">Nein<\/td>\n<\/tr>\n<tr class=\"spec_row\">\n<td class=\"spec_col_1\">Druckkopf Typ<\/td>\n<td class=\"spec_col_2\">Flat Head<\/td>\n<\/tr>\n<\/tbody>\n<\/table>\n","protected":false},"featured_media":1370,"comment_status":"open","ping_status":"closed","template":"","meta":[],"product_cat":[21],"product_tag":[60,62,29,59],"jetpack_sharing_enabled":true,"_links":{"self":[{"href":"https:\/\/onlineshop.greenforest-it.de\/index.php?rest_route=\/wp\/v2\/product\/1372"}],"collection":[{"href":"https:\/\/onlineshop.greenforest-it.de\/index.php?rest_route=\/wp\/v2\/product"}],"about":[{"href":"https:\/\/onlineshop.greenforest-it.de\/index.php?rest_route=\/wp\/v2\/types\/product"}],"replies":[{"embeddable":true,"href":"https:\/\/onlineshop.greenforest-it.de\/index.php?rest_route=%2Fwp%2Fv2%2Fcomments&post=1372"}],"wp:featuredmedia":[{"embeddable":true,"href":"https:\/\/onlineshop.greenforest-it.de\/index.php?rest_route=\/wp\/v2\/media\/1370"}],"wp:attachment":[{"href":"https:\/\/onlineshop.greenforest-it.de\/index.php?rest_route=%2Fwp%2Fv2%2Fmedia&parent=1372"}],"wp:term":[{"taxonomy":"product_cat","embeddable":true,"href":"https:\/\/onlineshop.greenforest-it.de\/index.php?rest_route=%2Fwp%2Fv2%2Fproduct_cat&post=1372"},{"taxonomy":"product_tag","embeddable":true,"href":"https:\/\/onlineshop.greenforest-it.de\/index.php?rest_route=%2Fwp%2Fv2%2Fproduct_tag&post=1372"}],"curies":[{"name":"wp","href":"https:\/\/api.w.org\/{rel}","templated":true}]}}