{"id":1479,"date":"2023-05-31T16:51:19","date_gmt":"2023-05-31T14:51:19","guid":{"rendered":"https:\/\/onlineshop.greenforest-it.de\/?post_type=product&#038;p=1479"},"modified":"2023-08-01T15:08:05","modified_gmt":"2023-08-01T13:08:05","slug":"nfc-label-on-metall","status":"publish","type":"product","link":"https:\/\/onlineshop.greenforest-it.de\/?product=nfc-label-on-metall","title":{"rendered":"On-Metal Klebetags NTAG213 22mm rund"},"content":{"rendered":"<p>Diese runden Klebetags wurden speziell f\u00fcr die Anwendung auf Metalloberfl\u00e4chen entwickelt und bieten eine starke Haftung dank des hochwertigen 3M Klebers. Der NTAG213-Chip erm\u00f6glicht eine reibungslose Kommunikation mit NFC-f\u00e4higen Ger\u00e4ten, was Ihnen eine einfache und effiziente Nutzung erm\u00f6glicht.<br \/>\nDIe robuste PET-Oberfl\u00e4che sch\u00fctzt sie vor \u00e4u\u00dferen Einfl\u00fcssen und gew\u00e4hrleistet eine lange Lebensdauer. Vereinfachen Sie Ihre Kennzeichnungsprozesse und nutzen Sie diese Klebetags f\u00fcr die Lagerhaltung, Bestandsverwaltung, Anlagenwartung oder Zutrittskontrolle.<br \/>\nNFC Label haben den Vorteil das diese ohne Probleme von einem handels\u00fcblichen Leseger\u00e4t( z.B. Smartphone) beschieben und ausgelesen werden k\u00f6nnen.<br \/>\nBestellen Sie sie jetzt und behalten Sie alles im Griff!<\/p>\n","protected":false},"excerpt":{"rendered":"<p>NFC Chip: NTag 213(180Byte)<\/p>\n<p>Farbe: wei\u00df<\/p>\n<p>Form: rund<\/p>\n<p>Oberfl\u00e4che: PET<\/p>\n<p><strong>Abmessungen<\/strong><\/p>\n<p>Radius: 22mm<\/p>\n<p>Kleber: extra stark 3M Kleber<\/p>\n","protected":false},"featured_media":1732,"comment_status":"open","ping_status":"closed","template":"","meta":[],"product_cat":[23,92,64,65],"product_tag":[97,94,93,96,95],"jetpack_sharing_enabled":true,"_links":{"self":[{"href":"https:\/\/onlineshop.greenforest-it.de\/index.php?rest_route=\/wp\/v2\/product\/1479"}],"collection":[{"href":"https:\/\/onlineshop.greenforest-it.de\/index.php?rest_route=\/wp\/v2\/product"}],"about":[{"href":"https:\/\/onlineshop.greenforest-it.de\/index.php?rest_route=\/wp\/v2\/types\/product"}],"replies":[{"embeddable":true,"href":"https:\/\/onlineshop.greenforest-it.de\/index.php?rest_route=%2Fwp%2Fv2%2Fcomments&post=1479"}],"wp:featuredmedia":[{"embeddable":true,"href":"https:\/\/onlineshop.greenforest-it.de\/index.php?rest_route=\/wp\/v2\/media\/1732"}],"wp:attachment":[{"href":"https:\/\/onlineshop.greenforest-it.de\/index.php?rest_route=%2Fwp%2Fv2%2Fmedia&parent=1479"}],"wp:term":[{"taxonomy":"product_cat","embeddable":true,"href":"https:\/\/onlineshop.greenforest-it.de\/index.php?rest_route=%2Fwp%2Fv2%2Fproduct_cat&post=1479"},{"taxonomy":"product_tag","embeddable":true,"href":"https:\/\/onlineshop.greenforest-it.de\/index.php?rest_route=%2Fwp%2Fv2%2Fproduct_tag&post=1479"}],"curies":[{"name":"wp","href":"https:\/\/api.w.org\/{rel}","templated":true}]}}