{"id":1526,"date":"2023-06-01T15:33:00","date_gmt":"2023-06-01T13:33:00","guid":{"rendered":"https:\/\/onlineshop.greenforest-it.de\/?post_type=product&#038;p=1526"},"modified":"2023-11-15T14:31:57","modified_gmt":"2023-11-15T13:31:57","slug":"endlosetiketten-rolle-110-mm-x-125-m","status":"publish","type":"product","link":"https:\/\/onlineshop.greenforest-it.de\/?product=endlosetiketten-rolle-110-mm-x-125-m","title":{"rendered":"Endlosetiketten Rolle 110 mm x 125 m"},"content":{"rendered":"<p>Diese endlos Etikettenrolle &#8211; 110 mm x 125m, ist perfekt geeignet f\u00fcr den Versand und die Kennzeichnung Ihrer Produkte.<br \/>\nDie Etiketten sind mit einem super-permanent gummierten Klebstoff ausgestattet, der eine zuverl\u00e4ssige und dauerhafte Haftung auf unterschiedlichen Oberfl\u00e4chen gew\u00e4hrleistet. Egal, ob es sich um Verpackungen, Produkte oder andere Materialien handelt, diese Etiketten bleiben sicher an ihrem Platz.<br \/>\nJede Rolle enth\u00e4lt 125 Laufmeter\u00a0 was Ihnen gen\u00fcgend Vorrat f\u00fcr Ihre Versandanforderungen bietet.<\/p>\n","protected":false},"excerpt":{"rendered":"<p>Format 110 mm<br \/>\nBahnbreite 113 mm<br \/>\nKerndurchmesser: 76 mm<br \/>\nRollendurchmesser: 165 mm<br \/>\nEndlosware, Laufweite 125 m<br \/>\nKlebstoff super-permanent gummiert<br \/>\nRandbeschnitt rechts &amp; links je 1,5 mm<\/p>\n","protected":false},"featured_media":452,"comment_status":"open","ping_status":"closed","template":"","meta":[],"product_cat":[23],"product_tag":[67,57],"jetpack_sharing_enabled":true,"_links":{"self":[{"href":"https:\/\/onlineshop.greenforest-it.de\/index.php?rest_route=\/wp\/v2\/product\/1526"}],"collection":[{"href":"https:\/\/onlineshop.greenforest-it.de\/index.php?rest_route=\/wp\/v2\/product"}],"about":[{"href":"https:\/\/onlineshop.greenforest-it.de\/index.php?rest_route=\/wp\/v2\/types\/product"}],"replies":[{"embeddable":true,"href":"https:\/\/onlineshop.greenforest-it.de\/index.php?rest_route=%2Fwp%2Fv2%2Fcomments&post=1526"}],"wp:featuredmedia":[{"embeddable":true,"href":"https:\/\/onlineshop.greenforest-it.de\/index.php?rest_route=\/wp\/v2\/media\/452"}],"wp:attachment":[{"href":"https:\/\/onlineshop.greenforest-it.de\/index.php?rest_route=%2Fwp%2Fv2%2Fmedia&parent=1526"}],"wp:term":[{"taxonomy":"product_cat","embeddable":true,"href":"https:\/\/onlineshop.greenforest-it.de\/index.php?rest_route=%2Fwp%2Fv2%2Fproduct_cat&post=1526"},{"taxonomy":"product_tag","embeddable":true,"href":"https:\/\/onlineshop.greenforest-it.de\/index.php?rest_route=%2Fwp%2Fv2%2Fproduct_tag&post=1526"}],"curies":[{"name":"wp","href":"https:\/\/api.w.org\/{rel}","templated":true}]}}