{"id":1605,"date":"2023-06-13T11:07:49","date_gmt":"2023-06-13T09:07:49","guid":{"rendered":"https:\/\/onlineshop.greenforest-it.de\/?post_type=product&#038;p=1605"},"modified":"2023-08-01T11:32:53","modified_gmt":"2023-08-01T09:32:53","slug":"50x50v101-13763000","status":"publish","type":"product","link":"https:\/\/onlineshop.greenforest-it.de\/?product=50x50v101-13763000","title":{"rendered":"Etiketten rund PP-Folie wei\u00df gl\u00e4nzend \u23005cm"},"content":{"rendered":"<p>Diese runden Etiketten aus hochwertiger wie\u00dfer PP-Folie sind perfekt geeignet f\u00fcr verschiedene Anwendungen,<br \/>\nsei es in der Produktion, im Handel oder im B\u00fcro.<br \/>\nAuf jeder Rolle sind 3.000 Etiketten, die sich leicht von der Rolle abziehen lassen.<\/p>\n<p>Z\u00f6gern Sie nicht, uns zu kontaktieren, wenn Sie weitere Fragen haben oder Unterst\u00fctzung bei Ihrer Etikettenauswahl ben\u00f6tigen.<br \/>\nWir stehen Ihnen gerne zur Verf\u00fcgung, um Ihnen die bestm\u00f6gliche L\u00f6sung anzubieten.<\/p>\n","protected":false},"excerpt":{"rendered":"<p>PP-Folie wei\u00df, gl\u00e4nzend<br \/>\nFormat: 50 x 50 mm, breitbahnig<br \/>\nBahnbreite: 108 mm<br \/>\nKerndurchmesser: 76 mm<br \/>\nRollendurchmesser: 175 mm<br \/>\nEtiketten \u2300 50 mm<br \/>\n3.000 Etiketten je Rolle<br \/>\nEckenradius kreisform<br \/>\nKlebstoff permanent gummiert<br \/>\n2-bahnig au\u00dfen, max. ADM: 200 mm<br \/>\nMaterial nicht entgittert, nur angestanzt<br \/>\nBlackmark am Etikettenanfang, min. Breite 3 mm<br \/>\nQuerperformation: ohne<\/p>\n","protected":false},"featured_media":1607,"comment_status":"open","ping_status":"closed","template":"","meta":[],"product_cat":[74],"product_tag":[70,71,72],"jetpack_sharing_enabled":true,"_links":{"self":[{"href":"https:\/\/onlineshop.greenforest-it.de\/index.php?rest_route=\/wp\/v2\/product\/1605"}],"collection":[{"href":"https:\/\/onlineshop.greenforest-it.de\/index.php?rest_route=\/wp\/v2\/product"}],"about":[{"href":"https:\/\/onlineshop.greenforest-it.de\/index.php?rest_route=\/wp\/v2\/types\/product"}],"replies":[{"embeddable":true,"href":"https:\/\/onlineshop.greenforest-it.de\/index.php?rest_route=%2Fwp%2Fv2%2Fcomments&post=1605"}],"wp:featuredmedia":[{"embeddable":true,"href":"https:\/\/onlineshop.greenforest-it.de\/index.php?rest_route=\/wp\/v2\/media\/1607"}],"wp:attachment":[{"href":"https:\/\/onlineshop.greenforest-it.de\/index.php?rest_route=%2Fwp%2Fv2%2Fmedia&parent=1605"}],"wp:term":[{"taxonomy":"product_cat","embeddable":true,"href":"https:\/\/onlineshop.greenforest-it.de\/index.php?rest_route=%2Fwp%2Fv2%2Fproduct_cat&post=1605"},{"taxonomy":"product_tag","embeddable":true,"href":"https:\/\/onlineshop.greenforest-it.de\/index.php?rest_route=%2Fwp%2Fv2%2Fproduct_tag&post=1605"}],"curies":[{"name":"wp","href":"https:\/\/api.w.org\/{rel}","templated":true}]}}