{"id":1610,"date":"2023-06-13T16:33:42","date_gmt":"2023-06-13T14:33:42","guid":{"rendered":"https:\/\/onlineshop.greenforest-it.de\/?post_type=product&#038;p=1610"},"modified":"2025-11-13T06:57:46","modified_gmt":"2025-11-13T05:57:46","slug":"afinia-a200","status":"publish","type":"product","link":"https:\/\/onlineshop.greenforest-it.de\/?product=afinia-a200","title":{"rendered":"Afinia A200"},"content":{"rendered":"<h3 style=\"text-align: left;\">Einfaches und zuverl\u00e4ssiges etikettieren von Flaschen, Dosen und anderen zylindrischen Beh\u00e4ltern<\/h3>\n<p>Der A200 ist ein halbautomatischer Etikettierer zum Aufbringen von Rollenetiketten auf Flaschen, Dosen, Gl\u00e4sern und anderen zylindrischen Beh\u00e4ltern. Die Etiketten k\u00f6nnen sowohl einzeln als auch auf Vorder- und R\u00fcckseite mit einem einfachen Tastendruck oder mit dem mitgelieferten Fu\u00dfpedal angebracht werden.<\/p>\n<p>Mit dem\u00a0<a href=\"https:\/\/afinialabel.com\/tools\/a200-calculator\/\" target=\"_blank\" rel=\"noopener\">Online-Berechnungstool<\/a>\u00a0von Afinia werden\u00a0schnelle und pr\u00e4zise Abst\u00e4nde, wie sie f\u00fcr Vorder- und R\u00fcckseitenetiketten, z. B. auf Weinflaschen, \u00fcblich sind einfach ermittelt. Diese Werte k\u00f6nnen \u00fcber das intuitive LCD-Display einfach eingegeben, gespeichert und abgerufen werden. Auf dem A200 k\u00f6nnen bis zu 10 voreingestellte Konfigurationen gespeichert werden.<\/p>\n<p>Der Ultraschall-Etikettensensor l\u00e4sst sich leicht auf die Erkennung von L\u00fccken bei einer gr\u00f6\u00dferen Bandbreite von Etikettenmaterialien trainieren als mechanische Markierungssensoren in herk\u00f6mmlichen Etikettierger\u00e4ten, so dass der A200 auch bei d\u00fcnnen Etiketten eine konstante Leistung erbringt. Die Etiketten werden gleichm\u00e4\u00dfig, effizient und mit gleichbleibender Pr\u00e4zision aufgeklebt.<\/p>\n<h3>Detailinfos<\/h3>\n<ul>\n<li>Nach Bedarf von der Rolle auf Flaschen, Dosen, Gl\u00e4sern und vielen anderen zylindrischen Objekte applizieren<\/li>\n<li>Einfaches und gleichm\u00e4\u00dfiges etikettieren<\/li>\n<li>Anbringen von von Einzel- oder Doppeletiketten (Vorder- und R\u00fcckseite wie z.B. bei Weinflaschen \u00fcblich)<\/li>\n<li>Zuverl\u00e4ssiger Ultraschall-L\u00fcckensensor<\/li>\n<li>Bedienung mit Taste oder Fu\u00dfpedal<\/li>\n<li>Ein praktisches Online-Berechnungstool sorgt f\u00fcr eine schnelle und pr\u00e4zise Ermittlung der Abst\u00e4nde<\/li>\n<li>LCD-Display<\/li>\n<li>Durchmesser zu etikettierendes Objekt: 25 bis 160 mm<\/li>\n<li>L\u00e4nge zu etikettierendes Objekt: 80 bis 240 mm<\/li>\n<li>Maximale Breite Etikettenmaterial: 150 mm (6 Zoll)<\/li>\n<li>Maximaler Au\u00dfendurchmesser Etikettenrolle: 200 mm (7,87 Zoll)<\/li>\n<li>Verarbeitet Papieretiketten und Kunststoffe in verschiedenen Gewichtsklassen<\/li>\n<li>6 Monate Garantie &#8211; Bring-in<\/li>\n<\/ul>\n","protected":false},"excerpt":{"rendered":"<h3 id=\"tw-target-text\" class=\"tw-data-text tw-text-large tw-ta\" dir=\"ltr\" data-placeholder=\"\u00dcbersetzung\"><span class=\"Y2IQFc\" lang=\"de\">Flaschenetikettenapplikator<\/span><\/h3>\n<h3 style=\"text-align: left;\">Einfaches und zuverl\u00e4ssiges etikettieren von Flaschen, Dosen und anderen zylindrischen Beh\u00e4ltern<\/h3>\n","protected":false},"featured_media":1718,"comment_status":"open","ping_status":"closed","template":"","meta":[],"product_cat":[75,18],"product_tag":[129,128],"jetpack_sharing_enabled":true,"_links":{"self":[{"href":"https:\/\/onlineshop.greenforest-it.de\/index.php?rest_route=\/wp\/v2\/product\/1610"}],"collection":[{"href":"https:\/\/onlineshop.greenforest-it.de\/index.php?rest_route=\/wp\/v2\/product"}],"about":[{"href":"https:\/\/onlineshop.greenforest-it.de\/index.php?rest_route=\/wp\/v2\/types\/product"}],"replies":[{"embeddable":true,"href":"https:\/\/onlineshop.greenforest-it.de\/index.php?rest_route=%2Fwp%2Fv2%2Fcomments&post=1610"}],"wp:featuredmedia":[{"embeddable":true,"href":"https:\/\/onlineshop.greenforest-it.de\/index.php?rest_route=\/wp\/v2\/media\/1718"}],"wp:attachment":[{"href":"https:\/\/onlineshop.greenforest-it.de\/index.php?rest_route=%2Fwp%2Fv2%2Fmedia&parent=1610"}],"wp:term":[{"taxonomy":"product_cat","embeddable":true,"href":"https:\/\/onlineshop.greenforest-it.de\/index.php?rest_route=%2Fwp%2Fv2%2Fproduct_cat&post=1610"},{"taxonomy":"product_tag","embeddable":true,"href":"https:\/\/onlineshop.greenforest-it.de\/index.php?rest_route=%2Fwp%2Fv2%2Fproduct_tag&post=1610"}],"curies":[{"name":"wp","href":"https:\/\/api.w.org\/{rel}","templated":true}]}}