{"id":1614,"date":"2023-06-13T16:43:54","date_gmt":"2023-06-13T14:43:54","guid":{"rendered":"https:\/\/onlineshop.greenforest-it.de\/?post_type=product&#038;p=1614"},"modified":"2025-11-13T06:57:44","modified_gmt":"2025-11-13T05:57:44","slug":"uninet-icolor-250","status":"publish","type":"product","link":"https:\/\/onlineshop.greenforest-it.de\/?product=uninet-icolor-250","title":{"rendered":"uniNET IColor 250"},"content":{"rendered":"<div class=\"flex flex-grow flex-col gap-3\">\n<div class=\"min-h-[20px] flex items-start overflow-x-auto whitespace-pre-wrap break-words flex-col gap-4\">\n<div class=\"markdown prose w-full break-words dark:prose-invert light\">\n<p>Entdecken Sie den uniNET iColor 250 &#8211; das ultimative All-in-One-Drucksystem f\u00fcr Ihre Etikettenerstellung. Mit Druck- und Schneidefunktionen in einem Ger\u00e4t sparen Sie Zeit und Geld, da keine separate Schneideeinheit erforderlich ist.<\/p>\n<p>Der iColor 250 bietet Ihnen die Wahl zwischen Dye-Tinten f\u00fcr lebendige Farben und Pigmenttinten f\u00fcr langanhaltende Best\u00e4ndigkeit. Mit einer Aufl\u00f6sung von bis zu 4.800 x 1.200 dpi erzielen Sie gestochen scharfe Ergebnisse.<\/p>\n<p>Dieses System bietet Ihnen Flexibilit\u00e4t und verk\u00fcrzt die Vorlaufzeiten, da Sie Ihre Etiketten direkt vor Ort drucken k\u00f6nnen. Sie k\u00f6nnen w\u00e4hlen, ob Sie drucken und schneiden, nur drucken oder nur schneiden m\u00f6chten. Mit einer Druckbreite von 13 mm bis 127 mm und einer Schneidgeschwindigkeit von bis zu 11 cm\/s ist der iColor 250 f\u00fcr unterschiedliche Etikettengr\u00f6\u00dfen und Anforderungen geeignet.<\/p>\n<p>Erweitern Sie Ihre M\u00f6glichkeiten und vereinfachen Sie den Etikettendruck mit dem vielseitigen uniNET iColor 250.<\/p>\n<\/div>\n<\/div>\n<\/div>\n","protected":false},"excerpt":{"rendered":"<table class=\"grey_info\">\n<tbody>\n<tr>\n<td>\n<ul>\n<li>On-Demand-Labeldruck in einem Arbeitsgang<\/li>\n<li>Erm\u00f6glicht den Druck eines einzigen Etiketts zu sehr niedrigen Kosten<\/li>\n<li>Bis 5 Zoll (133 mm) Rollenbreite<\/li>\n<li>Kompaktes Desktop-Ger\u00e4t inklusive Abwickler<\/li>\n<li>Randlosdruck bei Print &amp; Cut und Kiss-Cut-Materialien<\/li>\n<li>Reduziert die Anforderung teure, vorgestanzte Etikettenmaterialien zu nutzen<\/li>\n<li>Endlosmaterial bedrucken und automatisch schneiden<\/li>\n<li>Automatische Gap- oder Black-Mark-Erkennung<\/li>\n<li>Vorgestanzte und entgitterte Medien (Die-Cut) bedrucken<\/li>\n<li>Black-Mark-Erkennung f\u00fcr vorgestanzte Medien (Kiss-Cut)<\/li>\n<\/ul>\n<\/td>\n<td><\/td>\n<td>\n<ul>\n<li>Aufl\u00f6sung in h\u00f6chster Qualit\u00e4t bis 4.800&#215;1.200 dpi<\/li>\n<li>Sehr gute Farbbrillanz<\/li>\n<li>Optional Pigmenttinten f\u00fcr eine verbesserte UV-Best\u00e4ndigkeit der Drucke<\/li>\n<li>Tintenwechsel einfach m\u00f6glich<\/li>\n<li>Hochgl\u00e4nzendes BOPP oder Premium-Glanzpapier als Etikettenmaterial verf\u00fcgbar<\/li>\n<li>Druckbreite von 0,5&#8243; bis 4,5&#8243; (1,5-11 cm)<\/li>\n<li>Schneidebreite von 0,5&#8243; bis 4,1&#8243; (1,5-10 cm)<\/li>\n<li>Kaum Wartungsaufwand<\/li>\n<li>F\u00fcr w\u00f6chentlich bis zu 10.000 Etiketten<\/li>\n<\/ul>\n<\/td>\n<\/tr>\n<\/tbody>\n<\/table>\n","protected":false},"featured_media":1715,"comment_status":"open","ping_status":"closed","template":"","meta":[],"product_cat":[16,51,54],"product_tag":[127,126,125],"jetpack_sharing_enabled":true,"_links":{"self":[{"href":"https:\/\/onlineshop.greenforest-it.de\/index.php?rest_route=\/wp\/v2\/product\/1614"}],"collection":[{"href":"https:\/\/onlineshop.greenforest-it.de\/index.php?rest_route=\/wp\/v2\/product"}],"about":[{"href":"https:\/\/onlineshop.greenforest-it.de\/index.php?rest_route=\/wp\/v2\/types\/product"}],"replies":[{"embeddable":true,"href":"https:\/\/onlineshop.greenforest-it.de\/index.php?rest_route=%2Fwp%2Fv2%2Fcomments&post=1614"}],"wp:featuredmedia":[{"embeddable":true,"href":"https:\/\/onlineshop.greenforest-it.de\/index.php?rest_route=\/wp\/v2\/media\/1715"}],"wp:attachment":[{"href":"https:\/\/onlineshop.greenforest-it.de\/index.php?rest_route=%2Fwp%2Fv2%2Fmedia&parent=1614"}],"wp:term":[{"taxonomy":"product_cat","embeddable":true,"href":"https:\/\/onlineshop.greenforest-it.de\/index.php?rest_route=%2Fwp%2Fv2%2Fproduct_cat&post=1614"},{"taxonomy":"product_tag","embeddable":true,"href":"https:\/\/onlineshop.greenforest-it.de\/index.php?rest_route=%2Fwp%2Fv2%2Fproduct_tag&post=1614"}],"curies":[{"name":"wp","href":"https:\/\/api.w.org\/{rel}","templated":true}]}}