{"id":1711,"date":"2023-07-11T10:47:25","date_gmt":"2023-07-11T08:47:25","guid":{"rendered":"https:\/\/onlineshop.greenforest-it.de\/?post_type=product&#038;p=1711"},"modified":"2024-05-07T13:51:27","modified_gmt":"2024-05-07T11:51:27","slug":"godex-rt863i-600-dpi-thermotransfer-thermodirekt","status":"publish","type":"product","link":"https:\/\/onlineshop.greenforest-it.de\/?product=godex-rt863i-600-dpi-thermotransfer-thermodirekt","title":{"rendered":"GoDEX RT863i 600 dpi Thermotransfer \/ Thermodirekt"},"content":{"rendered":"<p>Entdecken Sie den GoDEX RT863i Etikettendrucker \u2013 die optimale L\u00f6sung f\u00fcr industrielle Anwendungen. Mit einer beeindruckenden Druckqualit\u00e4t von bis zu 600 dpi, einer Vielzahl von Anschlussm\u00f6glichkeiten und einer benutzerfreundlichen Bedienung ist dieser Drucker die ideale Wahl. Flexibel, zuverl\u00e4ssig und langlebig \u2013 erf\u00fcllen Sie Ihre Etikettierungsanforderungen m\u00fchelos mit dem GoDEX RT863i.<\/p>\n<p><strong>Ausstattung: LAN, USB, USB-Host, seriell (RS-232), Abri\u00dfkante<br \/>\nincl. GoLabel Software<\/strong><\/p>\n<p>Direct Thermal \/ Thermal Transfer Printer, 600 dpi,<br \/>\nUp to 76,2 mm\/sec(3\u00a0 ips),<br \/>\n32 bit RISC CPU<br \/>\nMemory: Flash 128MB Flash (60MB for User), SDRAM 32 MB SDRAM<br \/>\nReads: EZPL, GEPL, GZPL<br \/>\nInterfaces: USB2.0 + USB Host, RS-232<\/p>\n","protected":false},"excerpt":{"rendered":"<p>Direct Thermal \/ Thermal Transfer Printer, 600 dpi,<br \/>\nUp to 76,2 mm\/sec(3\u00a0 ips),<br \/>\n32 bit RISC CPU<br \/>\nMemory: Flash 128MB Flash (60MB for User), SDRAM 32 MB SDRAM<br \/>\nReads: EZPL, GEPL, GZPL<br \/>\nInterfaces: USB2.0 + USB Host, RS-232<\/p>\n","protected":false},"featured_media":1712,"comment_status":"open","ping_status":"closed","template":"","meta":[],"product_cat":[51,49,52],"product_tag":[76,77,41,30],"jetpack_sharing_enabled":true,"_links":{"self":[{"href":"https:\/\/onlineshop.greenforest-it.de\/index.php?rest_route=\/wp\/v2\/product\/1711"}],"collection":[{"href":"https:\/\/onlineshop.greenforest-it.de\/index.php?rest_route=\/wp\/v2\/product"}],"about":[{"href":"https:\/\/onlineshop.greenforest-it.de\/index.php?rest_route=\/wp\/v2\/types\/product"}],"replies":[{"embeddable":true,"href":"https:\/\/onlineshop.greenforest-it.de\/index.php?rest_route=%2Fwp%2Fv2%2Fcomments&post=1711"}],"wp:featuredmedia":[{"embeddable":true,"href":"https:\/\/onlineshop.greenforest-it.de\/index.php?rest_route=\/wp\/v2\/media\/1712"}],"wp:attachment":[{"href":"https:\/\/onlineshop.greenforest-it.de\/index.php?rest_route=%2Fwp%2Fv2%2Fmedia&parent=1711"}],"wp:term":[{"taxonomy":"product_cat","embeddable":true,"href":"https:\/\/onlineshop.greenforest-it.de\/index.php?rest_route=%2Fwp%2Fv2%2Fproduct_cat&post=1711"},{"taxonomy":"product_tag","embeddable":true,"href":"https:\/\/onlineshop.greenforest-it.de\/index.php?rest_route=%2Fwp%2Fv2%2Fproduct_tag&post=1711"}],"curies":[{"name":"wp","href":"https:\/\/api.w.org\/{rel}","templated":true}]}}