{"id":1722,"date":"2023-08-01T11:51:13","date_gmt":"2023-08-01T09:51:13","guid":{"rendered":"https:\/\/onlineshop.greenforest-it.de\/?post_type=product&#038;p=1722"},"modified":"2023-08-01T12:13:11","modified_gmt":"2023-08-01T10:13:11","slug":"reinigungskarten-fuer-thermische-drucker-mit-4-zoll-100mm","status":"publish","type":"product","link":"https:\/\/onlineshop.greenforest-it.de\/?product=reinigungskarten-fuer-thermische-drucker-mit-4-zoll-100mm","title":{"rendered":"Reinigungskarten f\u00fcr thermische Drucker mit 4 Zoll (100mm)"},"content":{"rendered":"<p>Reinigungskit f\u00fcr thermische Etikettendrucker &#8211; Reinigungskarte zur Aufrechterhaltung der Druckerleistung<\/p>\n<p>Mit der Waffletechnologie Reinigungskarte f\u00fcr Thermische Etikettendrucker sorgen Sie effektiv f\u00fcr eine hohe Druckleistung.<br \/>\nDie leistungsstarke Reinigungsfl\u00e4che, gepaart mit der extra langen Ausf\u00fchrung, erm\u00f6glicht eine gr\u00fcndliche und effiziente Reinigung in nur wenigen Sekunden.<br \/>\nDank der umweltfreundlichen Formel k\u00f6nnen Sie Ihre Etikettendrucker mit einem guten Gewissen pflegen.<\/p>\n<p>Die Reinigungskarte ist speziell f\u00fcr Thermische Drucker mit 4 Inch (100mm) Rollen geeignet und \u00e4u\u00dferst einfach zu verwenden.<br \/>\nLegen Sie die Reinigungskarte einfach ein und ziehen Sie sie durch den Drucker, um ihn zu reinigen &#8211; kein aufwendiges Schulungserfordernis.<\/p>\n<p>Eigenschaften und Vorteile:<\/p>\n<p>    Leistungsstarke Reinigungsfl\u00e4che<br \/>\n    Erhalt der Etikettendruckqualit\u00e4t<br \/>\n    Verhindert unerw\u00fcnschte Ger\u00e4teausfallzeiten<br \/>\n    Verl\u00e4ngert die Lebensdauer des Druckkopfs<br \/>\n    Einfache und problemlose Reinigung<\/p>\n","protected":false},"excerpt":{"rendered":"<p>Reinigungskit f\u00fcr thermische Etikettendrucker &#8211; Reinigungskarte zur Aufrechterhaltung der Druckerleistung Mit der Waffletechnologie Reinigungskarte f\u00fcr Thermische Etikettendrucker sorgen Sie effektiv f\u00fcr eine hohe Druckleistung. Die leistungsstarke Reinigungsfl\u00e4che, gepaart mit der extra langen Ausf\u00fchrung, erm\u00f6glicht eine gr\u00fcndliche und effiziente Reinigung in nur wenigen Sekunden. Dank der umweltfreundlichen Formel k\u00f6nnen Sie Ihre Etikettendrucker mit einem guten Gewissen [&hellip;]<\/p>\n","protected":false},"featured_media":1726,"comment_status":"open","ping_status":"closed","template":"","meta":[],"product_cat":[49,52,17,65],"product_tag":[83,84,82,81,80,78,30,79],"jetpack_sharing_enabled":true,"_links":{"self":[{"href":"https:\/\/onlineshop.greenforest-it.de\/index.php?rest_route=\/wp\/v2\/product\/1722"}],"collection":[{"href":"https:\/\/onlineshop.greenforest-it.de\/index.php?rest_route=\/wp\/v2\/product"}],"about":[{"href":"https:\/\/onlineshop.greenforest-it.de\/index.php?rest_route=\/wp\/v2\/types\/product"}],"replies":[{"embeddable":true,"href":"https:\/\/onlineshop.greenforest-it.de\/index.php?rest_route=%2Fwp%2Fv2%2Fcomments&post=1722"}],"wp:featuredmedia":[{"embeddable":true,"href":"https:\/\/onlineshop.greenforest-it.de\/index.php?rest_route=\/wp\/v2\/media\/1726"}],"wp:attachment":[{"href":"https:\/\/onlineshop.greenforest-it.de\/index.php?rest_route=%2Fwp%2Fv2%2Fmedia&parent=1722"}],"wp:term":[{"taxonomy":"product_cat","embeddable":true,"href":"https:\/\/onlineshop.greenforest-it.de\/index.php?rest_route=%2Fwp%2Fv2%2Fproduct_cat&post=1722"},{"taxonomy":"product_tag","embeddable":true,"href":"https:\/\/onlineshop.greenforest-it.de\/index.php?rest_route=%2Fwp%2Fv2%2Fproduct_tag&post=1722"}],"curies":[{"name":"wp","href":"https:\/\/api.w.org\/{rel}","templated":true}]}}