{"id":1748,"date":"2023-10-30T15:55:18","date_gmt":"2023-10-30T14:55:18","guid":{"rendered":"https:\/\/onlineshop.greenforest-it.de\/?post_type=product&#038;p=1748"},"modified":"2023-11-06T14:21:57","modified_gmt":"2023-11-06T13:21:57","slug":"brother-td-2130n","status":"publish","type":"product","link":"https:\/\/onlineshop.greenforest-it.de\/?product=brother-td-2130n","title":{"rendered":"BROTHER-TD-2130N"},"content":{"rendered":"<p><strong>Professioneller Etiketten- und Belegdrucker<\/strong><\/p>\n<p>&nbsp;<\/p>\n<p>Die TD-2130 Serie bietet die Leistungsf\u00e4higkeit und Funktionalit\u00e4t eines Arbeitsplatzdruckers und zeichnet sich durch ihre Vielseitigkeit aus. Dank optionaler Akkueinheit sowie WLAN- und Bluetooth-Konnektivit\u00e4t kann dieser Drucker \u00fcberall eingesetzt werden, wodurch er sich ideal f\u00fcr den mobilen Einsatz und flexibles Arbeiten eignet.<\/p>\n<p>Spezifikationen:<\/p>\n<ul class=\"details-list col-xs-12 col-sm-4\">\n<li class=\"item\">Thermodirekt &#8211; Druckverfahren<\/li>\n<li class=\"item\">152,4 mm \/ Sekunde max. Druckgeschwindigkeit<\/li>\n<li class=\"item\">ZPLII- und ESC\/P-Emulation<\/li>\n<li class=\"item\">56 mm max. Druckbreite<\/li>\n<li class=\"item\">300 dpi Aufl\u00f6sung<\/li>\n<li class=\"item\">USB- und serielle Schnittstelle<\/li>\n<\/ul>\n<p>Allgemeines:<\/p>\n<p>Technologie Thermodirekt<br \/>\nTasten Ein-\/Aus-Taste, Bandvorlauf, Drucken<br \/>\nSpeicherkapazit\u00e4t FLASH (16 MB), RAM (32 MB)<\/p>\n<p>Konnektivit\u00e4t:<\/p>\n<p>Seriell Ja (ben\u00f6tigt optionales Kabel)<br \/>\nUSB-Schnittstelle USB 2.0 Full Speed, USB Host<br \/>\nLAN Netzwerkschnittstelle 10\/100 BASE-TX<\/p>\n<p>Ma\u00dfe und Gewichte:<\/p>\n<p>Ma\u00dfe 110mm (B) x 215mm (T) x 172mm (H)<br \/>\nGewicht 1.34 kg<\/p>\n<p>&nbsp;<\/p>\n","protected":false},"excerpt":{"rendered":"<p><strong>Professioneller Etiketten- und Belegdrucker<\/strong><\/p>\n","protected":false},"featured_media":1752,"comment_status":"open","ping_status":"closed","template":"","meta":[],"product_cat":[51,52],"product_tag":[108,123,124],"jetpack_sharing_enabled":true,"_links":{"self":[{"href":"https:\/\/onlineshop.greenforest-it.de\/index.php?rest_route=\/wp\/v2\/product\/1748"}],"collection":[{"href":"https:\/\/onlineshop.greenforest-it.de\/index.php?rest_route=\/wp\/v2\/product"}],"about":[{"href":"https:\/\/onlineshop.greenforest-it.de\/index.php?rest_route=\/wp\/v2\/types\/product"}],"replies":[{"embeddable":true,"href":"https:\/\/onlineshop.greenforest-it.de\/index.php?rest_route=%2Fwp%2Fv2%2Fcomments&post=1748"}],"wp:featuredmedia":[{"embeddable":true,"href":"https:\/\/onlineshop.greenforest-it.de\/index.php?rest_route=\/wp\/v2\/media\/1752"}],"wp:attachment":[{"href":"https:\/\/onlineshop.greenforest-it.de\/index.php?rest_route=%2Fwp%2Fv2%2Fmedia&parent=1748"}],"wp:term":[{"taxonomy":"product_cat","embeddable":true,"href":"https:\/\/onlineshop.greenforest-it.de\/index.php?rest_route=%2Fwp%2Fv2%2Fproduct_cat&post=1748"},{"taxonomy":"product_tag","embeddable":true,"href":"https:\/\/onlineshop.greenforest-it.de\/index.php?rest_route=%2Fwp%2Fv2%2Fproduct_tag&post=1748"}],"curies":[{"name":"wp","href":"https:\/\/api.w.org\/{rel}","templated":true}]}}