{"id":1760,"date":"2023-11-03T11:35:09","date_gmt":"2023-11-03T10:35:09","guid":{"rendered":"https:\/\/onlineshop.greenforest-it.de\/?post_type=product&#038;p=1760"},"modified":"2023-11-03T15:22:05","modified_gmt":"2023-11-03T14:22:05","slug":"brother-hak-100","status":"publish","type":"product","link":"https:\/\/onlineshop.greenforest-it.de\/?product=brother-hak-100","title":{"rendered":"BROTHER-HAK-100"},"content":{"rendered":"<p><strong>Metallic-Veredelung mit Sleekingverfahren<\/strong><\/p>\n<p><strong>Entdecken Sie herausragende Hei\u00dffolienpr\u00e4gung von h\u00f6chster Qualit\u00e4t!<\/strong><\/p>\n<p>Der HAK-100 pr\u00e4sentiert sich als die ideale L\u00f6sung f\u00fcr schnelle und pr\u00e4zise Hei\u00dffolienpr\u00e4gung im Sleekingverfahren. Mit diesem kompakten Drucker verleihen Sie Zertifikaten, Urkunden, Flyern, Gl\u00fcckwunsch- und Einladungskarten, sowie vielen anderen Dokumenten im A4-Format eine visuell beeindruckende Veredelung. \u00dcberall dort, wo Toner auftrifft, erweckt der HAK-100 Ihre Druckerzeugnisse zum Leben, und sie erstrahlen in einem neuen Glanz. Unsere Folien stehen Ihnen in einer breiten Palette dekorativer Farben zur Verf\u00fcgung, darunter auch Gold und Silber.<\/p>\n<p>Die Hei\u00dffolienpr\u00e4gung wird dank des HAK-100 zum Kinderspiel:<\/p>\n<p>Mit unserem Ger\u00e4t war die Veredelung Ihrer Dokumente noch nie so einfach. Laden Sie einfach Ihre zuvor mit einem Laserdrucker erstellten Dokumente in den automatischen Vorlageneinzug und dr\u00fccken Sie auf &#8220;Start&#8221;. Der HAK-100 \u00fcbernimmt den Rest, und schon bald halten Sie ein beeindruckend veredeltes Dokument in den H\u00e4nden.<\/p>\n<p>Verleihen Sie Ihren Drucksachen einen Hauch von Eleganz und Professionalit\u00e4t mit dem HAK-100 &#8211; dem ultimativen Werkzeug f\u00fcr makellose Hei\u00dffolienpr\u00e4gung.<\/p>\n<h3>Detailinfos<\/h3>\n<p>Hei\u00dffoliendrucker bis A4-\u00dcberformat<br \/>\nStandalone-Ger\u00e4t in kompaktem Design<br \/>\nFolientransfer in Gold, Silber, Kupfer und vielen weiteren Farben<br \/>\neinfacher Wechsel der Folienrollen dank Kassettensystem<br \/>\nschnelle Verarbeitungsgeschwindigkeit &#8211; bis zu 15 A4-Seiten pro Minute<br \/>\nautomatischer Vorlageneinzug (ADF) f\u00fcr bis zu 44 Seiten<br \/>\npartielle Veredelung mit Folienspar-Modus<br \/>\neinfacher Wechsel der Folienrollen dank Kassettensystem in wenigen Minuten<br \/>\nIntuitive Einstellungen von Temperatur, Folienspar-Modus, etc.<br \/>\nflexibel, platzsparend, \u00fcberall einsetzbar<\/p>\n<p><strong>Technische Daten<\/strong><\/p>\n<p>Papiereinzug\/-zufuhr: 44 Blatt (90 g\/m\u00b2), 12 Blatt (350 g\/m\u00b2)<br \/>\nMediengrammatur: 90-350 g\/m\u00b2<br \/>\nMedienformate: Breite: 55-225 mm L\u00e4nge: 90-500 mm<br \/>\nTransferbereich: Breite: max. 215,9 mm L\u00e4nge: max. 500 mm<br \/>\nFolienposition bei halber Breite (A6) Zentriert oder links<br \/>\nMedientyp: Normalpapier, d\u00fcnnes Papier, Recyclingpapier, dickes Papier, Texturpapier, Dekopapier<\/p>\n<p>max. Druckgeschwindigkeit (A4): bis zu 15 Seiten\/min.<br \/>\noptionale Druckgeschwindigkeit (A4): bis zu 7 Seiten\/min.<br \/>\nZeit bis zum ersten Druck (Ger\u00e4t ausgeschaltet): weniger als 60 Sekunden (23\u00b0C \/ 230 V)<\/p>\n<p>LCD-Hintergrundbeleuchtung: Ja (gr\u00fcn)<br \/>\nLCD-Sprachen: Deutsch, Englisch, Franz\u00f6sisch, Spanisch, Portugiesisch, Italienisch, Niederl\u00e4ndisch<br \/>\nLCD-Typ: 2 Zeilen x 20 Zeichen<br \/>\nLCD-Abmessung: 48,0 x 10,9 mm<\/p>\n<p>LED: 3 (orange) [Error (Fehler), Cover Lock, (Verriegelung Abdeckung), Foil Save (Folienspar-Modus)]<br \/>\nTasten: Start, Stop\/Exit (Stopp\/Beenden), Favourite (Favorit), Temperature (Temperatur), Foil Save<br \/>\n(Folienspar-Modus), Menu (Men\u00fc), Clear\/Back (L\u00f6schen\/Zur\u00fcck), OK, Ein\/Aus<br \/>\n2 Favoritentasten<br \/>\nFolienspar-Modus<br \/>\nautomatische Papier-Leer-Erkennung<\/p>\n<p>Anschluss: 220-240 V \/ 50 Hz \/ 340 W<br \/>\nMa\u00dfe: B384 x T415 x H398 mm<br \/>\nGewicht (netto):14,5 kg<\/p>\n<p>Herstellernummer: HAK100Z1<br \/>\n(brutto):16.9kg<\/p>\n","protected":false},"excerpt":{"rendered":"<p><strong>Metallic-Veredelung mit Sleekingverfahren<\/strong><\/p>\n<p><strong>Entdecken Sie herausragende Hei\u00dffolienpr\u00e4gung von h\u00f6chster Qualit\u00e4t!<\/strong><\/p>\n","protected":false},"featured_media":1749,"comment_status":"open","ping_status":"closed","template":"","meta":[],"product_cat":[18,101],"product_tag":[105,104,106],"jetpack_sharing_enabled":true,"_links":{"self":[{"href":"https:\/\/onlineshop.greenforest-it.de\/index.php?rest_route=\/wp\/v2\/product\/1760"}],"collection":[{"href":"https:\/\/onlineshop.greenforest-it.de\/index.php?rest_route=\/wp\/v2\/product"}],"about":[{"href":"https:\/\/onlineshop.greenforest-it.de\/index.php?rest_route=\/wp\/v2\/types\/product"}],"replies":[{"embeddable":true,"href":"https:\/\/onlineshop.greenforest-it.de\/index.php?rest_route=%2Fwp%2Fv2%2Fcomments&post=1760"}],"wp:featuredmedia":[{"embeddable":true,"href":"https:\/\/onlineshop.greenforest-it.de\/index.php?rest_route=\/wp\/v2\/media\/1749"}],"wp:attachment":[{"href":"https:\/\/onlineshop.greenforest-it.de\/index.php?rest_route=%2Fwp%2Fv2%2Fmedia&parent=1760"}],"wp:term":[{"taxonomy":"product_cat","embeddable":true,"href":"https:\/\/onlineshop.greenforest-it.de\/index.php?rest_route=%2Fwp%2Fv2%2Fproduct_cat&post=1760"},{"taxonomy":"product_tag","embeddable":true,"href":"https:\/\/onlineshop.greenforest-it.de\/index.php?rest_route=%2Fwp%2Fv2%2Fproduct_tag&post=1760"}],"curies":[{"name":"wp","href":"https:\/\/api.w.org\/{rel}","templated":true}]}}