{"id":1762,"date":"2023-11-03T11:59:43","date_gmt":"2023-11-03T10:59:43","guid":{"rendered":"https:\/\/onlineshop.greenforest-it.de\/?post_type=product&#038;p=1762"},"modified":"2023-11-03T15:21:46","modified_gmt":"2023-11-03T14:21:46","slug":"brother-pj-883","status":"publish","type":"product","link":"https:\/\/onlineshop.greenforest-it.de\/?product=brother-pj-883","title":{"rendered":"BROTHER-PJ-883"},"content":{"rendered":"<p><strong>Mobiler Thermodirekt-Drucker mit hoher Aufl\u00f6sung, USB, Bluetooth, WLAN und AirPrint Unterst\u00fctzung<\/strong><\/p>\n<p>&nbsp;<\/p>\n<p>Der Brother PJ-883 zeichnet sich durch seine kompakten Abmessungen, sein geringes Gewicht und eine beeindruckende Druckgeschwindigkeit von 13,5 Seiten pro Minute aus. Dieser mobile Drucker verf\u00fcgt \u00fcber USB- und WLAN-Schnittstellen, ist dank des thermodirekten Druckverfahrens stets einsatzbereit, da kein Verbrauchsmaterial ben\u00f6tigt wird, und kann ohne zus\u00e4tzliche Treiber \u00fcber AirPrint und Mopria einfach genutzt werden.<\/p>\n<p>Des Weiteren ist der PJ-883 \u00e4u\u00dferst vielseitig und l\u00e4sst sich m\u00fchelos in verschiedene Apps und Software integrieren, dank mehrerer Software Development Kits (SDKs). Er unterst\u00fctzt zudem verschiedene Drucksprachen, einschlie\u00dflich ZPL2 Emulation.<\/p>\n<p>Bitte beachten Sie, dass zur Inbetriebnahme optional ein Akku oder Netz- bzw. Autoadapter erworben werden kann.<\/p>\n<p>&nbsp;<\/p>\n<p>Spezifikationen:<\/p>\n<p>Allgemeines:<\/p>\n<p>S\/W oder Farbe S\/W<br \/>\nArbeitsspeicher RAM (256 MB), FLASH (64 MB)<br \/>\nMax. Papiergr\u00f6\u00dfe A13<br \/>\nProdukttyp Thermodirekt<\/p>\n<p>Konnektivit\u00e4t:<\/p>\n<p>Bluetooth Ja (Ver 5.2)<br \/>\nBluetooth-Profile SPP (Serial Port Profile), OPP (Object Push Profile), HCRP (Hard Copy Cable Replacement Profile), iAP(MFi), GATT (Bluetooth Low Energy)<br \/>\nNFC Ja<br \/>\nUSB-Schnittstelle USB 2.0 Full Speed (Type C)<br \/>\nDrahtlose Netzwerkschnittstelle IEEE802,11a\/b\/g\/n (Infrastructure Mode), IEEE802,11g\/n (Wireless direct)<\/p>\n<p>Ma\u00dfe und Gewichte:<\/p>\n<p>Ma\u00dfe 255mm (B) x 55mm (T) x 30mm (H)<br \/>\nGewicht 0.48 kg<\/p>\n<p>&nbsp;<\/p>\n<p>Sonstiges:<\/p>\n<p>USB Type-C, Bluetooth und Wi-Fi Schnittstelle<br \/>\n300 dpi Druckaufl\u00f6sung<br \/>\nBis zu 13,5 Seiten \/ Minute Druckgeschwindigkeit<br \/>\nAndroid, Windows, Mac und Linux Unterst\u00fctzung<\/p>\n<p>Optionale Li-ion battery verf\u00fcgbar zum mobilen Drucken<\/p>\n<p>Zubeh\u00f6r zur Anpassung der Druckl\u00f6sung wie Fahrzeughalterung, KFZ-Stromversorgung und Schutzh\u00fcllen<\/p>\n","protected":false},"excerpt":{"rendered":"<p><strong>Mobiler Thermodirekt-Drucker mit hoher Aufl\u00f6sung, USB, Bluetooth, WLAN und AirPrint Unterst\u00fctzung<\/strong><\/p>\n","protected":false},"featured_media":1750,"comment_status":"open","ping_status":"closed","template":"","meta":[],"product_cat":[18,49],"product_tag":[108,109,107,110],"jetpack_sharing_enabled":true,"_links":{"self":[{"href":"https:\/\/onlineshop.greenforest-it.de\/index.php?rest_route=\/wp\/v2\/product\/1762"}],"collection":[{"href":"https:\/\/onlineshop.greenforest-it.de\/index.php?rest_route=\/wp\/v2\/product"}],"about":[{"href":"https:\/\/onlineshop.greenforest-it.de\/index.php?rest_route=\/wp\/v2\/types\/product"}],"replies":[{"embeddable":true,"href":"https:\/\/onlineshop.greenforest-it.de\/index.php?rest_route=%2Fwp%2Fv2%2Fcomments&post=1762"}],"wp:featuredmedia":[{"embeddable":true,"href":"https:\/\/onlineshop.greenforest-it.de\/index.php?rest_route=\/wp\/v2\/media\/1750"}],"wp:attachment":[{"href":"https:\/\/onlineshop.greenforest-it.de\/index.php?rest_route=%2Fwp%2Fv2%2Fmedia&parent=1762"}],"wp:term":[{"taxonomy":"product_cat","embeddable":true,"href":"https:\/\/onlineshop.greenforest-it.de\/index.php?rest_route=%2Fwp%2Fv2%2Fproduct_cat&post=1762"},{"taxonomy":"product_tag","embeddable":true,"href":"https:\/\/onlineshop.greenforest-it.de\/index.php?rest_route=%2Fwp%2Fv2%2Fproduct_tag&post=1762"}],"curies":[{"name":"wp","href":"https:\/\/api.w.org\/{rel}","templated":true}]}}