{"id":1763,"date":"2023-11-03T13:35:18","date_gmt":"2023-11-03T12:35:18","guid":{"rendered":"https:\/\/onlineshop.greenforest-it.de\/?post_type=product&#038;p=1763"},"modified":"2023-11-03T15:21:37","modified_gmt":"2023-11-03T14:21:37","slug":"brother-td-4550dnwb","status":"publish","type":"product","link":"https:\/\/onlineshop.greenforest-it.de\/?product=brother-td-4550dnwb","title":{"rendered":"BROTHER-TD-4550DNWB"},"content":{"rendered":"<p><strong>Professioneller Desktop-Etikettendrucker<\/strong><\/p>\n<p>&nbsp;<\/p>\n<p>Produktdetails:<\/p>\n<p>Hohe Druckgeschwindigkeit von bis zu 152 mm\/Sek.<br \/>\nHohe Druckqualit\u00e4t mit bis zu 300 dpi Aufl\u00f6sung<br \/>\nAutomatische Kalibrierung eingelegter Medien<br \/>\nBedruckt bis zu 118 mm breite Etiketten (Druckbreite max. 108 mm)<br \/>\nUSB-, LAN-, WLAN-, Bluetooth- und Serielle-Schnittstellen inkl. USB Host<br \/>\nIntegriertes Display<\/p>\n<p>&nbsp;<\/p>\n<p>Unser Desktop-Etikettendrucker ist ein professionelles Ger\u00e4t mit einer modularen Bauweise, das sich optimal an Ihre individuellen Anforderungen anpassen l\u00e4sst. Die einfache Bedienbarkeit und hohe Druckgeschwindigkeit erm\u00f6glichen es Ihnen, Etiketten ganz nach Ihren Bed\u00fcrfnissen und W\u00fcnschen zu erstellen.<\/p>\n<p>&nbsp;<\/p>\n<p>Spezifikationen:<\/p>\n<p>Allgemeines:<\/p>\n<p>Technologie Thermodirekt<br \/>\nMax. Etikettenbreite (mm) 118mm<br \/>\nTasten Bandvorlauf, Ein-\/Aus-Taste, Men\u00fc, Zur\u00fcck , Drucken<br \/>\nLED Ein-\/Aus-Taste, Daten, Fehler, Status<br \/>\nSpeicherkapazit\u00e4t RAM (256 MB), FLASH (64 MB)<\/p>\n<p>Konnektivit\u00e4t:<\/p>\n<p>Bluetooth Ja (Ver 4.2)<br \/>\nBluetooth-Profile SPP (Serial Port Profile), Bluetooth Classic, OPP (Object Push Profile), GATT (Bluetooth Low Energy), HCRP (Hard Copy Cable Replacement Profile)<br \/>\nSeriell Ja<br \/>\nUSB-Schnittstelle USB 2.0 Full Speed, USB Host<br \/>\nLAN Netzwerkschnittstelle 10\/100 BASE-TX<br \/>\nDrahtlose Netzwerkschnittstelle IEEE802,11g\/n (Wireless direct), IEEE802,11a\/b\/g\/n (Infrastructure Mode)<\/p>\n<p>Ma\u00dfe und Gewichte:<\/p>\n<p>Ma\u00dfe 180mm (B) x 224mm (T) x 155mm (H)<br \/>\nGewicht 2.08 kg<\/p>\n","protected":false},"excerpt":{"rendered":"<p><strong>Professioneller Desktop-Etikettendrucker<\/strong><\/p>\n","protected":false},"featured_media":1751,"comment_status":"open","ping_status":"closed","template":"","meta":[],"product_cat":[51,18,52],"product_tag":[108,113,111,112],"jetpack_sharing_enabled":true,"_links":{"self":[{"href":"https:\/\/onlineshop.greenforest-it.de\/index.php?rest_route=\/wp\/v2\/product\/1763"}],"collection":[{"href":"https:\/\/onlineshop.greenforest-it.de\/index.php?rest_route=\/wp\/v2\/product"}],"about":[{"href":"https:\/\/onlineshop.greenforest-it.de\/index.php?rest_route=\/wp\/v2\/types\/product"}],"replies":[{"embeddable":true,"href":"https:\/\/onlineshop.greenforest-it.de\/index.php?rest_route=%2Fwp%2Fv2%2Fcomments&post=1763"}],"wp:featuredmedia":[{"embeddable":true,"href":"https:\/\/onlineshop.greenforest-it.de\/index.php?rest_route=\/wp\/v2\/media\/1751"}],"wp:attachment":[{"href":"https:\/\/onlineshop.greenforest-it.de\/index.php?rest_route=%2Fwp%2Fv2%2Fmedia&parent=1763"}],"wp:term":[{"taxonomy":"product_cat","embeddable":true,"href":"https:\/\/onlineshop.greenforest-it.de\/index.php?rest_route=%2Fwp%2Fv2%2Fproduct_cat&post=1763"},{"taxonomy":"product_tag","embeddable":true,"href":"https:\/\/onlineshop.greenforest-it.de\/index.php?rest_route=%2Fwp%2Fv2%2Fproduct_tag&post=1763"}],"curies":[{"name":"wp","href":"https:\/\/api.w.org\/{rel}","templated":true}]}}