{"id":1764,"date":"2023-11-03T13:43:38","date_gmt":"2023-11-03T12:43:38","guid":{"rendered":"https:\/\/onlineshop.greenforest-it.de\/?post_type=product&#038;p=1764"},"modified":"2023-11-03T15:13:44","modified_gmt":"2023-11-03T14:13:44","slug":"zebra-ds2208-2d","status":"publish","type":"product","link":"https:\/\/onlineshop.greenforest-it.de\/?product=zebra-ds2208-2d","title":{"rendered":"ZEBRA-DS2208-2D"},"content":{"rendered":"<p><strong> 2D Imager<\/strong><\/p>\n<p>Der Zebra DS2208 ist ein qualitativ hochwertiger 2D-Imager zum g\u00fcnstigen Preis. Der DS2208 wird z.B. im Einzelhandel, im Lager und sogar im Krankenhaus erfolgreich eingesetzt und bietet immer eine schnelle und zuverl\u00e4ssige Scanleistung.<br \/>\nDer Zebra DS2208 scannt alles auf Anhieb, wodurch das (Verkaufs-)personal mehr Zeit f\u00fcr seine Kunden hat, anstatt sich auf das Scannen konzentrieren zu m\u00fcssen. Das vorkonfigurierte Ger\u00e4t ist speziell f\u00fcr die schnelle und effiziente Anwendung ausgelegt, unabh\u00e4ngig vom Gesch\u00e4ftsumfeld.<\/p>\n<p>Zuverl\u00e4ssiger 2D-Imager<br \/>\nErgonomisches, leichtes Design<br \/>\nRobuste Bauweise mit kratzfestem Scanfenster<br \/>\nEinfaches Umschalten zwischen Hand- und Station\u00e4rbetrieb<br \/>\n\u00dcbersteht St\u00fcrze aus 1,5 m H\u00f6he<\/p>\n<p>Kommunikation: Kabel<br \/>\nLesereichweite: Instinktiv (0-30cm)<br \/>\nSchnittstelle: Multi-IF<\/p>\n<p>Separat bestellen: Schnittstellenkabel (RS232, KBW oder USB), Standfu\u00df<br \/>\nArtikelnummer(n) des Herstellers<\/p>\n<p>DS2208-SR00006ZZWW<\/p>\n","protected":false},"excerpt":{"rendered":"<p><strong> 2D Imager<\/strong><\/p>\n","protected":false},"featured_media":1753,"comment_status":"open","ping_status":"closed","template":"","meta":[],"product_cat":[18,102],"product_tag":[116,114,115],"jetpack_sharing_enabled":true,"_links":{"self":[{"href":"https:\/\/onlineshop.greenforest-it.de\/index.php?rest_route=\/wp\/v2\/product\/1764"}],"collection":[{"href":"https:\/\/onlineshop.greenforest-it.de\/index.php?rest_route=\/wp\/v2\/product"}],"about":[{"href":"https:\/\/onlineshop.greenforest-it.de\/index.php?rest_route=\/wp\/v2\/types\/product"}],"replies":[{"embeddable":true,"href":"https:\/\/onlineshop.greenforest-it.de\/index.php?rest_route=%2Fwp%2Fv2%2Fcomments&post=1764"}],"wp:featuredmedia":[{"embeddable":true,"href":"https:\/\/onlineshop.greenforest-it.de\/index.php?rest_route=\/wp\/v2\/media\/1753"}],"wp:attachment":[{"href":"https:\/\/onlineshop.greenforest-it.de\/index.php?rest_route=%2Fwp%2Fv2%2Fmedia&parent=1764"}],"wp:term":[{"taxonomy":"product_cat","embeddable":true,"href":"https:\/\/onlineshop.greenforest-it.de\/index.php?rest_route=%2Fwp%2Fv2%2Fproduct_cat&post=1764"},{"taxonomy":"product_tag","embeddable":true,"href":"https:\/\/onlineshop.greenforest-it.de\/index.php?rest_route=%2Fwp%2Fv2%2Fproduct_tag&post=1764"}],"curies":[{"name":"wp","href":"https:\/\/api.w.org\/{rel}","templated":true}]}}