{"id":1766,"date":"2023-11-03T14:00:57","date_gmt":"2023-11-03T13:00:57","guid":{"rendered":"https:\/\/onlineshop.greenforest-it.de\/?post_type=product&#038;p=1766"},"modified":"2023-11-03T16:18:33","modified_gmt":"2023-11-03T15:18:33","slug":"oki-pro9542","status":"publish","type":"product","link":"https:\/\/onlineshop.greenforest-it.de\/?product=oki-pro9542","title":{"rendered":"OKI-Pro9542"},"content":{"rendered":"<p><strong>OKI Pro9542 &#8211; Hochleistungs-A3+ Grafikdrucker mit voller Farbpalette und Wei\u00dfdruckoption<\/strong><\/p>\n<p>Der innovative Pro9542 ist die ultimative Wahl f\u00fcr au\u00dfergew\u00f6hnlichen A3+ Grafikdruck. Seine herausragende Druckqualit\u00e4t, beeindruckende Druckgeschwindigkeiten und vollst\u00e4ndige Medienflexibilit\u00e4t machen ihn zur perfekten L\u00f6sung. Aber das ist noch nicht alles &#8211; er hat die einzigartige F\u00e4higkeit, das gesamte Farbspektrum sowie zus\u00e4tzlich Wei\u00df zu drucken, was v\u00f6llig neue Dimensionen im On-Demand-Druck er\u00f6ffnet.<\/p>\n<p>Mit dem Pro9542 erzielen Sie bei jedem Druckdurchlauf \u00fcberw\u00e4ltigende Ergebnisse. Die Tonerkassetten mit hoher Kapazit\u00e4t machen ihn besonders kosteneffizient, insbesondere in gro\u00dfvolumigen Anwendungen, wo h\u00f6chste Qualit\u00e4t gefordert ist.<\/p>\n<p>Verleihen Sie Ihren Druckerzeugnissen Brillanz und Pr\u00e4zision, und entdecken Sie die M\u00f6glichkeiten des Pro9542, um Ihre Druckanforderungen mit Leichtigkeit zu erf\u00fcllen.<\/p>\n<p>Innovatives Drucken mit dem Pro9542: Brillante Farben und mehr!<\/p>\n<p>Der Pro9542 ist Ihre Wahl f\u00fcr beeindruckenden Grafikdruck und leichte Produktionsanwendungen. Dieser hochaufl\u00f6sende Drucker setzt neue Ma\u00dfst\u00e4be im erweiterten Farbdruck mit Wei\u00df-Unterdruck, und das in einem einzigen Durchlauf. Mit vollst\u00e4ndiger CMYK-Farbwiedergabe und solidem Wei\u00df er\u00f6ffnen sich Ihnen unendliche M\u00f6glichkeiten.<\/p>\n<p>Die digitale LED- und Multi-Level ProQ-Technologie des Pro9542 sorgt f\u00fcr gestochen scharfe und qualitativ hochwertige Druckergebnisse, unabh\u00e4ngig von Ihrem Design. Mit einer beeindruckenden Druckaufl\u00f6sung von 1200 x 1200 dpi und der F\u00e4higkeit, zahlreiche Papierformate zu handhaben, von A6 bis SRA3 und sogar Bannerl\u00e4ngen von bis zu 1,3 m, bietet dieser Drucker h\u00f6chste Flexibilit\u00e4t.<\/p>\n<p>Die branchenf\u00fchrende Medienflexibilit\u00e4t des Pro9542 erm\u00f6glicht es, hochwertige Druckergebnisse auf dunklen, transparenten und verschiedenen anderen Medien zu erzielen, einschlie\u00dflich Folien, Glanzpapier, Transferpapier und wasserfestem Papier. Selbst sehr schwere Medien bis zu 360 g\/m\u00b2 sind kein Problem. Mit einem robusten 300-Blatt-Mehrzweckpapierfach und optionalen Papierf\u00e4chern steht Ihnen jede Menge Flexibilit\u00e4t zur Verf\u00fcgung.<\/p>\n<p>Mit beeindruckend schnellen Druckgeschwindigkeiten, einer kurzen Zeit bis zur ersten Druckseite und gro\u00dfem Speicher, ist der Pro9542 ideal f\u00fcr schnellen On-Demand-Grafikdruck im eigenen Hause. Dank seiner hohen Lebensdauer der Verbrauchsmaterialien und den tonerstarken Kassetten und Trommeln, tragen Sie zu niedrigen Gesamtbetriebskosten bei.<\/p>\n<p>Kurz gesagt, der Pro9542 kombiniert beeindruckende Druckqualit\u00e4t, hohe Geschwindigkeiten, Medienflexibilit\u00e4t und kosteneffizientes Drucken, um all Ihre Anforderungen im Grafikdruck und dar\u00fcber hinaus zu erf\u00fcllen.<\/p>\n<p>&nbsp;<\/p>\n<p><strong>Technische Daten:<\/strong><\/p>\n<p>Drucktechnologie Elektrofotografische Vollfarben-Drucktechnologie mit 5 digitalen LED<br \/>\nDruckaufl\u00f6sung ProQ4800 Multilevel-Technologie, Aufl\u00f6sung von 1200 x 1200 dpi<br \/>\nAufw\u00e4rmzeit 50 Sekunden oder weniger nach dem Einschalten<br \/>\nZeit bis zur ersten Druckseite *1 8 Sekunden bei Farbe, 8 Sekunden bei Schwarz-Wei\u00df<br \/>\nDruckgeschwindigkeit A4: 50 Seiten\/Min. Farbe, 50 Seiten\/Min. Schwarzwei\u00df<br \/>\nA3: 28 Seiten\/Min. Farbe, 28 Seiten\/Min. Schwarzwei\u00df<br \/>\nWei\u00df: bis zu 45 Seiten\/Min. (einseitig)<br \/>\nSchnittstelle Hi-Speed USB 2.0, 10Base-T\/100Base-TX\/1000Base-T<br \/>\nProtocol TCP\/IP, EtherTalk<br \/>\nDruckersprache Druckersprache<br \/>\nUnterst\u00fctztes Betriebssystem Windows Vista (32-Bit &amp; 64-Bit) \/ XP (32-Bit &amp; 64-Bit) \/ Server 2003 (32-Bit &amp; 64-Bit) \/ Server 2008 (32-Bit &amp; 64-Bit) \/ Server 2008 R2 (64-Bit) \/ Windows 7 (32-Bit &amp; 64-Bit) \/ Server 2012 (64- Bit) \/ Windows 8 (32-Bit &amp; 64-Bit) \/ Windows 10 (32-Bit &amp; 64-Bit); Mac OS9 \/ OS X 10.3.9 &#8211; 10.9<br \/>\nArbeitsspeicher (Standard\/Max.) Standard-RAM: 2GB; Maximaler RAM: 2 GB<br \/>\nFestplattenlaufwerk Optionale Festplatte: 160GB<br \/>\nSchriftarten 87 skalierbare PCL-Schriftarten, Zeilendrucker\/OCR-A\/OCR-B\/USPSZIP-Bitmap-Schriftarten, 10 TrueType-Schriftarten, 136 Adobe PostScript Type 1-Schriften<br \/>\nPapierformat Papierfach 1\/2\/3: A3, SRA3 (bis zu 330 x 457 mm), SRA4, A4, A5, A6, B4, B5, B6; Mehrzweckeinzug: A3, SRA3, SRA4, A4, A5, A6, B4, B5, B6 Benutzerdefiniertes Format: Breite 64 \u2013 330 mm L\u00e4nge 89 \u2013 1.321 mm; Zuf\u00fchrung mit hoher Kapazit\u00e4t: A3, SRA3 (bis zu 328 x 457mm), SRA4, A4, A5, A6, B4, B5, B6<br \/>\nPapiergewicht Papierfach 1\/2\/3: 52 bis 320 g\/m\u00b2; Mehrzweckfach: 52 bis 360 g\/m\u00b2, Duplexeinheit: 64 bis 320 g\/m\u00b2; Zuf\u00fchrung mit hoher Kapazit\u00e4t: 52 bis 320 g\/m\u00b2<br \/>\nZufuhrkapazit\u00e4t Fach 1: 530 Blatt, Papiergewicht 80 g\/m\u00b2; Mehrzweckfach: 300 Blatt bei 80 g\/m2<br \/>\nAusgabekapazit\u00e4t Face Down: 610 Blatt, Face Up: 300 Blatt<br \/>\nAbmessungen (BxTxH) 640 x 699 x 625 mm (HxBxT)<br \/>\nGewicht (einschl. Verbrauchsmaterialien) 110,8 kg<br \/>\nBetriebsumgebung Temperatur \/ Feuchtigkeit (Betrieb): 10\u00b0 C bis 35\u00b0 C (empfohlen: 17\u00b0 C bis 27\u00b0 C) \/ 10 % bis 85 % RH (empfohlen: 50 % bis 70 % RF)<br \/>\nTemperatur\/Feuchtigkeit (Lagerung): \u201310\u00b0 C bis 43\u00b0 C, 10 % bis 90 %RF<br \/>\nStromquelle Einphasenstrom 220 \u2013 240 VAC, Frequenz: 50 Hz \u00b12 Hz<br \/>\nStromverbrauch Durchschnittlich: 1.100 W; Max: 1.600 W; Leerlauf: 40 W (Durchschnitt); Energiesparmodus: &lt; 0,5 W<br \/>\nSicherheits- und Umweltvorschriften Energy Star, EMV-Richtlinie, CE-Zeichen, GS-Zeichen<br \/>\nGer\u00e4uschpegel Betrieb: 57dB(A); Standby: 32 dB(A) oder weniger; Energiesparmodus: Ger\u00e4uschlos<br \/>\nAuslastung Durchschnitt: 25.000 Seiten\/Monat<br \/>\nMaximum: 300.000 Seiten\/Monat<br \/>\nLieferumfang Handb\u00fccher, Starter-Tonerkassette x 4, Bildtrommel x 4, Stromkabel, DVD-ROM, Abluftgitter<\/p>\n<p><strong>\u00a0<\/strong><\/p>\n","protected":false},"excerpt":{"rendered":"<p><strong>OKI Pro9542 &#8211; Hochleistungs-A3+ Grafikdrucker mit voller Farbpalette und Wei\u00dfdruckoption<\/strong><\/p>\n<p><strong>\u00a0<\/strong><\/p>\n","protected":false},"featured_media":1755,"comment_status":"open","ping_status":"closed","template":"","meta":[],"product_cat":[134,18],"product_tag":[121,120,122],"jetpack_sharing_enabled":true,"_links":{"self":[{"href":"https:\/\/onlineshop.greenforest-it.de\/index.php?rest_route=\/wp\/v2\/product\/1766"}],"collection":[{"href":"https:\/\/onlineshop.greenforest-it.de\/index.php?rest_route=\/wp\/v2\/product"}],"about":[{"href":"https:\/\/onlineshop.greenforest-it.de\/index.php?rest_route=\/wp\/v2\/types\/product"}],"replies":[{"embeddable":true,"href":"https:\/\/onlineshop.greenforest-it.de\/index.php?rest_route=%2Fwp%2Fv2%2Fcomments&post=1766"}],"wp:featuredmedia":[{"embeddable":true,"href":"https:\/\/onlineshop.greenforest-it.de\/index.php?rest_route=\/wp\/v2\/media\/1755"}],"wp:attachment":[{"href":"https:\/\/onlineshop.greenforest-it.de\/index.php?rest_route=%2Fwp%2Fv2%2Fmedia&parent=1766"}],"wp:term":[{"taxonomy":"product_cat","embeddable":true,"href":"https:\/\/onlineshop.greenforest-it.de\/index.php?rest_route=%2Fwp%2Fv2%2Fproduct_cat&post=1766"},{"taxonomy":"product_tag","embeddable":true,"href":"https:\/\/onlineshop.greenforest-it.de\/index.php?rest_route=%2Fwp%2Fv2%2Fproduct_tag&post=1766"}],"curies":[{"name":"wp","href":"https:\/\/api.w.org\/{rel}","templated":true}]}}