{"id":358,"date":"2022-07-13T10:58:44","date_gmt":"2022-07-13T08:58:44","guid":{"rendered":"https:\/\/onlineshop.cetin-it.de\/?post_type=product&#038;p=358"},"modified":"2024-01-19T21:11:00","modified_gmt":"2024-01-19T20:11:00","slug":"etikett-102-x-152-mm-1-100-etiketten-pro-rolle","status":"publish","type":"product","link":"https:\/\/onlineshop.greenforest-it.de\/?product=etikett-102-x-152-mm-1-100-etiketten-pro-rolle","title":{"rendered":"Versandetiketten 102 x 152 mm Thermotransfer 1.100 St. \/  Rolle"},"content":{"rendered":"<p>Diese Thermotransfer Etiketten im Format 102 x 152 mm sind perfekt geeignet f\u00fcr den Versand und die Kennzeichnung Ihrer Produkte.<br \/>\nDie Rolle enth\u00e4lt 1.100 Etiketten, was Ihnen gen\u00fcgend Vorrat f\u00fcr Ihre Versandanforderungen bietet.<\/p>\n","protected":false},"excerpt":{"rendered":"<p>Form Rechteck<br \/>\nBreite: 102,00 mm<br \/>\nH\u00f6he: 152,00 mm<br \/>\nQuerperforation nach jedem Etikett<br \/>\nEckenradius 2 mm<br \/>\nKerndurchmesser: 76 mm<br \/>\nBahnen pro Rolle: 1-bahnig<br \/>\nWicklung: au\u00dfen<br \/>\nBahnbreite: 105,00 mm<br \/>\nAbstand zwischen den Etiketten: 3,58 mm<br \/>\nAbstand neben den Etiketten: 3,00 mm<br \/>\nRollendurchmesser: ~196,00 mm<br \/>\nMaterialnummer: 105<br \/>\nKleber permanent, RP51<br \/>\nThermotransfer<\/p>\n","protected":false},"featured_media":466,"comment_status":"open","ping_status":"closed","template":"","meta":[],"product_cat":[23],"product_tag":[30,137,57],"jetpack_sharing_enabled":true,"_links":{"self":[{"href":"https:\/\/onlineshop.greenforest-it.de\/index.php?rest_route=\/wp\/v2\/product\/358"}],"collection":[{"href":"https:\/\/onlineshop.greenforest-it.de\/index.php?rest_route=\/wp\/v2\/product"}],"about":[{"href":"https:\/\/onlineshop.greenforest-it.de\/index.php?rest_route=\/wp\/v2\/types\/product"}],"replies":[{"embeddable":true,"href":"https:\/\/onlineshop.greenforest-it.de\/index.php?rest_route=%2Fwp%2Fv2%2Fcomments&post=358"}],"wp:featuredmedia":[{"embeddable":true,"href":"https:\/\/onlineshop.greenforest-it.de\/index.php?rest_route=\/wp\/v2\/media\/466"}],"wp:attachment":[{"href":"https:\/\/onlineshop.greenforest-it.de\/index.php?rest_route=%2Fwp%2Fv2%2Fmedia&parent=358"}],"wp:term":[{"taxonomy":"product_cat","embeddable":true,"href":"https:\/\/onlineshop.greenforest-it.de\/index.php?rest_route=%2Fwp%2Fv2%2Fproduct_cat&post=358"},{"taxonomy":"product_tag","embeddable":true,"href":"https:\/\/onlineshop.greenforest-it.de\/index.php?rest_route=%2Fwp%2Fv2%2Fproduct_tag&post=358"}],"curies":[{"name":"wp","href":"https:\/\/api.w.org\/{rel}","templated":true}]}}