{"id":359,"date":"2022-08-02T09:54:01","date_gmt":"2022-08-02T07:54:01","guid":{"rendered":"https:\/\/onlineshop.cetin-it.de\/?post_type=product&#038;p=359"},"modified":"2023-11-15T14:43:16","modified_gmt":"2023-11-15T13:43:16","slug":"samsung-galaxy-xcover6-pro-ee","status":"publish","type":"product","link":"https:\/\/onlineshop.greenforest-it.de\/?product=samsung-galaxy-xcover6-pro-ee","title":{"rendered":"Samsung Galaxy XCover6 Pro EE"},"content":{"rendered":"<p>Technische Daten<br \/>\nProzessorname Snapdragon 778G (SM7325-2-AB)<br \/>\nProzessorkerne Octa-Core<br \/>\nProzessortaktung 4 x 2,4 GHz + 4 x 1,8 GHz<br \/>\nProzessorarchitektur 64-Bit, 6 nm<br \/>\n2G-Band (MHz) GSM: GSM850, GSM900, DCS1.800, PCS1.900<br \/>\n3G-Band (MHz) UMTS: B1 (2.100), B2 (1.900), B4 (AWS), B5 (850), B8 (900)<br \/>\n4G-Band (MHz) LTE FDD: B1 (2.100), B2 (1.900), B3 (1.800), B4 (AWS), B5 (850), B7 (2.600), B8 (900), B12 (700),<br \/>\nB17 (700), B20 (800), B26 (850), B28 (700), B32 (1.500), B66 (AWS-3)<br \/>\nLTE TDD: B38 (2.600), B39 (1.900), B40 (2.300), B41 (2.500)<br \/>\n4&#215;4 MIMO: B1 (2.100), B3 (1.800), B7 (2.600), B38 (2.600), B41 (2.500)<br \/>\n5G-Band (MHz) Sub6 FDD: N1 (2.100), N3 (1.800), N5 (850), N7 (2.600), N8 (900), N20 (800), N28 (700)<br \/>\nSub6 TDD: N38 (2.600), N40 (2.300), N41 (2.500), N78 (3.500)<br \/>\n4&#215;4 MIMO: N1 (2.100), N3 (1.800), N7 (2.600), N38 (2.600), N41 (2.500), N78 (3.500)<br \/>\nGr\u00f6\u00dfe (HxBxT) 168,8 x 79,9 x 9,9 mm<br \/>\nGewicht ca. 235 Gramm<br \/>\nGespr\u00e4chszeit (4G) bis zu 44 Std.<br \/>\nInternetnutzung (4G) bis zu 18 Std.<br \/>\nInternetnutzung (WLAN) bis zu 18 Std.<br \/>\nMusikwiedergabe bis zu 115 Std.<br \/>\nVideowiedergabe bis zu 20 Std.<br \/>\nSIM-Format Nano (4FF)<br \/>\nDual-SIM8 SIM 1 + SIM 2 + microSD<\/p>\n","protected":false},"excerpt":{"rendered":"<p><strong>Stark, wenn es drauf ankommt.<\/strong><br \/>\nWo andere an ihre Grenzen kommen k\u00f6nnen, f\u00e4ngt das Galaxy XCover6 Pro erst an, zur Hochform aufzulaufen. Und zwar \u00fcberall dort, wo es bei der Arbeit rau zugeht. Vor allem beim Einsatz im Freien, auf Baustellen, in Fabrik- und Lagerhallen zeigt sich das schlanke Galaxy XCover6 Pro von seiner robusten Seite. Zertifiziert nach IP682 und US-Milit\u00e4rstandard MIL-STD-810H3 l\u00e4sst sich es auch unter harten Bedingungen nicht aus dem Takt bringen und kann selbst Staub, extremer Hitze, hoher Luftfeuchtigkeit oder einem starken Regenschauer trotzen. Wo auch immer du im Einsatz bist: Auf dem 16,72 cm \/ 6,6\u2018\u2018\u00b9 gro\u00dfen Display hast du deine Aufgaben klar vor Augen und ihren Job fest im Griff \u2013 selbst mit Schutzhandschuhen6 oder nassen H\u00e4nden kannst du auf dem bis zu 120 Hz-Display fl\u00fcssig scrollen, Anrufe annehmen oder detailreiche Schnappsch\u00fcsse machen. Nicht nur das starke Innenleben bringt Power in deinen Arbeitstag. Dank 5G-Konnektivit\u00e4t4 kannst du mit dem Galaxy XCover6 Pro auch im Mobilfunknetz in rasanter Geschwindigkeit unterwegs sein. So macht flexibles Arbeiten Spa\u00df und auch f\u00fcr die entsprechende Sicherheit ist gesorgt. Das Galaxy XCover6 Pro ist ab Werk mit der Security Plattform Samsung Knox ausgestattet<\/p>\n<p>Zusammen mit einem SmartCover oder Scan Modul von Koamtac und PrintTag haben Sie ein Komplett System um im Produktionsumfeld optimal zu arbeiten.<\/p>\n","protected":false},"featured_media":447,"comment_status":"open","ping_status":"closed","template":"","meta":[],"product_cat":[18],"product_tag":[],"jetpack_sharing_enabled":true,"_links":{"self":[{"href":"https:\/\/onlineshop.greenforest-it.de\/index.php?rest_route=\/wp\/v2\/product\/359"}],"collection":[{"href":"https:\/\/onlineshop.greenforest-it.de\/index.php?rest_route=\/wp\/v2\/product"}],"about":[{"href":"https:\/\/onlineshop.greenforest-it.de\/index.php?rest_route=\/wp\/v2\/types\/product"}],"replies":[{"embeddable":true,"href":"https:\/\/onlineshop.greenforest-it.de\/index.php?rest_route=%2Fwp%2Fv2%2Fcomments&post=359"}],"wp:featuredmedia":[{"embeddable":true,"href":"https:\/\/onlineshop.greenforest-it.de\/index.php?rest_route=\/wp\/v2\/media\/447"}],"wp:attachment":[{"href":"https:\/\/onlineshop.greenforest-it.de\/index.php?rest_route=%2Fwp%2Fv2%2Fmedia&parent=359"}],"wp:term":[{"taxonomy":"product_cat","embeddable":true,"href":"https:\/\/onlineshop.greenforest-it.de\/index.php?rest_route=%2Fwp%2Fv2%2Fproduct_cat&post=359"},{"taxonomy":"product_tag","embeddable":true,"href":"https:\/\/onlineshop.greenforest-it.de\/index.php?rest_route=%2Fwp%2Fv2%2Fproduct_tag&post=359"}],"curies":[{"name":"wp","href":"https:\/\/api.w.org\/{rel}","templated":true}]}}