{"id":362,"date":"2022-08-02T10:09:28","date_gmt":"2022-08-02T08:09:28","guid":{"rendered":"https:\/\/onlineshop.cetin-it.de\/?post_type=product&#038;p=362"},"modified":"2023-05-26T15:54:24","modified_gmt":"2023-05-26T13:54:24","slug":"oki-pro-1050-farb-etikettendrucker","status":"publish","type":"product","link":"https:\/\/onlineshop.greenforest-it.de\/?product=oki-pro-1050-farb-etikettendrucker","title":{"rendered":"OKI Pro 1050 &#8211; Farb Etikettendrucker"},"content":{"rendered":"<p>Technische Daten:<\/p>\n<table class=\"table productSpecTable\">\n<tbody>\n<tr>\n<th>Druckverfahren<\/th>\n<td>Elektrofotografische Vollfarben-Drucktechnologie mit 5 digitalen LEDs<\/td>\n<\/tr>\n<tr>\n<th>Medienformat<\/th>\n<td>Rolle<\/td>\n<\/tr>\n<tr>\n<th>Medientyp<\/th>\n<td>Normalpapier, Folie, Normalpapier-Etikett, Glossy-Etikett, Folienetikett, Synthetikpapier-Etikett<\/td>\n<\/tr>\n<tr>\n<th>Medienbreite<\/th>\n<td>29,64 \u2013 130,0\u00a0mm<\/td>\n<\/tr>\n<tr>\n<th>Mediendicke<\/th>\n<td>0,076 \u2013 0,25\u00a0mm<\/td>\n<\/tr>\n<tr>\n<th>Etikettl\u00e4nge<\/th>\n<td>12,7 \u2013 1.320,8\u00a0mm<\/td>\n<\/tr>\n<tr>\n<th>Etikettenbreite<\/th>\n<td>25,4 \u2013 125,76\u00a0mm<\/td>\n<\/tr>\n<tr>\n<th>Medienerkennung<\/th>\n<td>Abstand (&gt;= 3mm)<br \/>\nSchwarze Markierung (auf der R\u00fcckseite der Unterlage aufgedruckt)<br \/>\nkeine (Vollmaterial)<\/td>\n<\/tr>\n<tr>\n<th>Au\u00dfendurchmesser Rolle<\/th>\n<td>Max. Durchmesser 203,2\u00a0mm (8\u00a0Zoll)<\/td>\n<\/tr>\n<tr>\n<th>Innendurchmesser Kern<\/th>\n<td>Durchmesser 76,2\u00a0mm (3\u00a0Zoll)<\/td>\n<\/tr>\n<tr>\n<th>Drehrichtung der Rolle<\/th>\n<td>Druckseite au\u00dfen, Druckseite innen<\/td>\n<\/tr>\n<tr>\n<th>Druckbreite<\/th>\n<td>Max. 125,76\u00a0mm<\/td>\n<\/tr>\n<tr>\n<th>Minimaler Druckrand<\/th>\n<td>Oben: 2,12\u00a0mm<br \/>\nUnten: 2,12\u00a0mm<br \/>\nRechts: 2,12\u00a0mm<br \/>\nLinks: 2,12\u00a0mm<\/td>\n<\/tr>\n<tr>\n<th>Schneidbare Medienl\u00e4nge<\/th>\n<td>Min. 101,6\u00a0mm<\/td>\n<\/tr>\n<tr>\n<th>Druckaufl\u00f6sung<\/th>\n<td>1.200 x 1.200\u00a0dpi<br \/>\n600\u00a0x\u00a0600\u00a0dpi<\/td>\n<\/tr>\n<tr>\n<th>Druckgeschwindigkeit<\/th>\n<td>Max. 152,4\u00a0mm\/s (6 Bilder\/Sek.)<\/td>\n<\/tr>\n<tr>\n<th>Schnittstelle<\/th>\n<td>1000BASE-T\/100BASE-TX\/10BASE-T, USB 2.0 (Hochgeschwindigkeit)<\/td>\n<\/tr>\n<tr>\n<th>Protokoll<\/th>\n<td>TCP\/IP<\/td>\n<\/tr>\n<tr>\n<th>Druckersprache<\/th>\n<td>PCL\u00a05c-Emulation, PCL\u00a06 (XL)-Emulation, Adobe PostScript3<\/td>\n<\/tr>\n<tr>\n<th>Unterst\u00fctztes Betriebssystem<\/th>\n<td>Windows 10, Windows 10 x64, Windows 8.1, Windows 8.1 x64, Windows 8, Windows 8 x64, Windows 7, Windows 7 x64, Windows Server 2016, Windows Server 2012 R2, Windows Server 2012, Windows Server 2008 R2, Windows Server 2008, Windows Server 2008 x64<\/td>\n<\/tr>\n<tr>\n<th>Prozessor<\/th>\n<td>ARM-CPU 1,2\u00a0GHz<\/td>\n<\/tr>\n<tr>\n<th>Arbeitsspeicher (Standard\/Max.)<\/th>\n<td>2.048 MB \/ 2.048 MB<\/td>\n<\/tr>\n<tr>\n<th>Festplattenlaufwerk<\/th>\n<td>250\u00a0GB<\/td>\n<\/tr>\n<tr>\n<th>Schriftarten<\/th>\n<td>136 Adobe PostScript-Schriftarten, PCL-Emulation, 81\u00a0skalierbare Schriftarten, 4\u00a0Bitmap-Schriftarten<\/td>\n<\/tr>\n<tr>\n<th>Mediensensoren<\/th>\n<td>Positionierbarer Getriebeabstandssensor<br \/>\nPositionierbarer Sensor f\u00fcr reflektierende schwarze Markierung (auf der R\u00fcckseite des Tr\u00e4germaterials aufgedruckt)<\/td>\n<\/tr>\n<tr>\n<th>Automatische Schneidevorrichtung<\/th>\n<td>Vollst\u00e4ndiger Schnitt mit rotierender Klinge<\/td>\n<\/tr>\n<tr>\n<th>Abmessungen (BxTxH)<\/th>\n<td>1.040\u00a0x\u00a0477\u00a0x\u00a0441\u00a0mm<\/td>\n<\/tr>\n<tr>\n<th>Gewicht<\/th>\n<td>61,0 kg &#8211; 62,0 kg<\/td>\n<\/tr>\n<tr>\n<th>Betriebsumgebung<\/th>\n<td>Betrieb: 10\u201330\u00a0\u00b0C, 20\u201370\u00a0%\u00a0RF<br \/>\nLagerung: 0\u201343\u00a0\u00b0C, 10\u201390\u00a0%\u00a0RF<br \/>\nOhne Kondensation<\/td>\n<\/tr>\n<tr>\n<th>Stromverbrauch<\/th>\n<td>Betrieb: Max. 1.200\u00a0W\/Durchschn. 710W<br \/>\nLeerlauf: 27W<br \/>\nEnergiesparmodus: &lt; 25,0W<\/td>\n<\/tr>\n<tr>\n<th>Lebensdauer<\/th>\n<td>5\u00a0Jahre oder 500\u00a0km<\/td>\n<\/tr>\n<tr>\n<th>Lieferumfang<\/th>\n<td>DVD-ROM, Netzkabel<\/td>\n<\/tr>\n<\/tbody>\n<\/table>\n","protected":false},"excerpt":{"rendered":"<p>Der Pro1050 verleiht dem Etikettendruck eine neue Farbdimension. Die einzigartige F\u00fcnf-Farben-Option (oder CMYK+1) des Pro1050 erm\u00f6glicht dank digitaler LEDs in Kombination mit Trockentonertechnologie flexiblere Etikettendesigns. Unkompliziertes Drucken auf transparenten oder farbigen Etikettenmedien, indem unter dem CMYK-Bild zuerst ein opaker wei\u00dfer Hintergrund gedruckt wird.<\/p>\n<p>&nbsp;<\/p>\n<p>Preis auf <a href=\"mailto:info@cetin-it.de\">Anfrage<\/a><\/p>\n","protected":false},"featured_media":446,"comment_status":"open","ping_status":"closed","template":"","meta":[],"product_cat":[51,18,53],"product_tag":[45,46],"jetpack_sharing_enabled":true,"_links":{"self":[{"href":"https:\/\/onlineshop.greenforest-it.de\/index.php?rest_route=\/wp\/v2\/product\/362"}],"collection":[{"href":"https:\/\/onlineshop.greenforest-it.de\/index.php?rest_route=\/wp\/v2\/product"}],"about":[{"href":"https:\/\/onlineshop.greenforest-it.de\/index.php?rest_route=\/wp\/v2\/types\/product"}],"replies":[{"embeddable":true,"href":"https:\/\/onlineshop.greenforest-it.de\/index.php?rest_route=%2Fwp%2Fv2%2Fcomments&post=362"}],"wp:featuredmedia":[{"embeddable":true,"href":"https:\/\/onlineshop.greenforest-it.de\/index.php?rest_route=\/wp\/v2\/media\/446"}],"wp:attachment":[{"href":"https:\/\/onlineshop.greenforest-it.de\/index.php?rest_route=%2Fwp%2Fv2%2Fmedia&parent=362"}],"wp:term":[{"taxonomy":"product_cat","embeddable":true,"href":"https:\/\/onlineshop.greenforest-it.de\/index.php?rest_route=%2Fwp%2Fv2%2Fproduct_cat&post=362"},{"taxonomy":"product_tag","embeddable":true,"href":"https:\/\/onlineshop.greenforest-it.de\/index.php?rest_route=%2Fwp%2Fv2%2Fproduct_tag&post=362"}],"curies":[{"name":"wp","href":"https:\/\/api.w.org\/{rel}","templated":true}]}}