{"id":39,"date":"2021-08-05T13:40:29","date_gmt":"2021-08-05T11:40:29","guid":{"rendered":"https:\/\/onlineshop.cetin-it.de\/?product=nanitec"},"modified":"2024-02-02T11:17:54","modified_gmt":"2024-02-02T10:17:54","slug":"nanitec","status":"publish","type":"product","link":"https:\/\/onlineshop.greenforest-it.de\/?product=nanitec","title":{"rendered":"NaNiTec auf Raspberry PI Basis"},"content":{"rendered":"<div class=\"h-global-transition-all h-heading style-1078 style-local-3529-c37 position-relative h-element\" data-colibri-id=\"3529-c37\">\n<div class=\"h-heading__outer style-1078 style-local-3529-c37\"><\/div>\n<\/div>\n<div class=\"h-lead h-text h-text-component style-1079 style-local-3529-c38 position-relative h-element\" data-colibri-id=\"3529-c38\">\n<div class=\"flex flex-grow flex-col gap-3\">\n<div class=\"min-h-[20px] flex flex-col items-start gap-4 whitespace-pre-wrap break-words\">\n<div class=\"markdown prose w-full break-words dark:prose-invert light\">\n<p>NaNiTec &#8211; Die ultimative L\u00f6sung f\u00fcr die Digitalisierung!<\/p>\n<p>Tauchen Sie ein in die Welt der Digitalisierung mit NaNiTec. Diese innovative Hardware erm\u00f6glicht es Ihnen, digitalen Content sicher zu erstellen und im PDF-A-Format abzulegen. Gleichzeitig kann die NaNiTec als praktischer Zwischenspeicher f\u00fcr gescannte Dokumente dienen. Mit NaNiTec sind Sie bereit, die digitale Zukunft zu erobern!<\/p>\n<p>Hinweis: Die NaNiTec wird mit einer Standardinstallation des Betriebssystems Raspbian OS geliefert. F\u00fcr zus\u00e4tzliche Funktionen wie die Digitalisierung von Kassenbons oder die Anbindung von Bezahlterminals (ZVT) k\u00f6nnen je nach Lizenzierung weitere Kosten anfallen. Aber lassen Sie sich davon nicht abhalten &#8211; mit NaNiTec sind Sie bereits morgen digital unterwegs!<\/p>\n<\/div>\n<\/div>\n<\/div>\n<p>&nbsp;<\/p>\n<p><span style=\"color: #ff6600;\"><strong>\u00a0<\/strong><\/span><\/p>\n<div class=\"\">\n<p>&nbsp;<\/p>\n<\/div>\n<\/div>\n","protected":false},"excerpt":{"rendered":"<h4>NaNiTec Box<\/h4>\n<p>Auf Raspberry PI Basis:<\/p>\n<p>&#8211; Geh\u00e4use Cube<\/p>\n<p>&#8211; Netzteil (USB-C)<\/p>\n<p>&#8211; Pi 4 Model B(2GB)<\/p>\n<p>&#8211; 32GB Micro-SD Karte f\u00fcr Dauerbetrieb (Samsung Endurance)<\/p>\n","protected":false},"featured_media":445,"comment_status":"open","ping_status":"closed","template":"","meta":[],"product_cat":[18],"product_tag":[33,34,32],"jetpack_sharing_enabled":true,"_links":{"self":[{"href":"https:\/\/onlineshop.greenforest-it.de\/index.php?rest_route=\/wp\/v2\/product\/39"}],"collection":[{"href":"https:\/\/onlineshop.greenforest-it.de\/index.php?rest_route=\/wp\/v2\/product"}],"about":[{"href":"https:\/\/onlineshop.greenforest-it.de\/index.php?rest_route=\/wp\/v2\/types\/product"}],"replies":[{"embeddable":true,"href":"https:\/\/onlineshop.greenforest-it.de\/index.php?rest_route=%2Fwp%2Fv2%2Fcomments&post=39"}],"wp:featuredmedia":[{"embeddable":true,"href":"https:\/\/onlineshop.greenforest-it.de\/index.php?rest_route=\/wp\/v2\/media\/445"}],"wp:attachment":[{"href":"https:\/\/onlineshop.greenforest-it.de\/index.php?rest_route=%2Fwp%2Fv2%2Fmedia&parent=39"}],"wp:term":[{"taxonomy":"product_cat","embeddable":true,"href":"https:\/\/onlineshop.greenforest-it.de\/index.php?rest_route=%2Fwp%2Fv2%2Fproduct_cat&post=39"},{"taxonomy":"product_tag","embeddable":true,"href":"https:\/\/onlineshop.greenforest-it.de\/index.php?rest_route=%2Fwp%2Fv2%2Fproduct_tag&post=39"}],"curies":[{"name":"wp","href":"https:\/\/api.w.org\/{rel}","templated":true}]}}